{"id":587,"date":"2025-05-24T15:05:20","date_gmt":"2025-05-24T15:05:20","guid":{"rendered":"https:\/\/www.kairalfs.de\/wordpress\/?post_type=product&#038;p=587"},"modified":"2025-06-09T10:18:13","modified_gmt":"2025-06-09T10:18:13","slug":"schuetze-becher-tasse-zweifarbig","status":"publish","type":"product","link":"https:\/\/www.kairalfs.de\/wordpress\/produkt\/schuetze-becher-tasse-zweifarbig\/","title":{"rendered":"Sch\u00fctze &#8211; Becher &#8211; Tasse zweifarbig"},"content":{"rendered":"<ul>\n<li>Oberfl\u00e4che: gl\u00e4nzend<\/li>\n<li>Farben: Hochwei\u00df, Henkel\/Innenseite diverse<\/li>\n<li>H\u00f6he: 96 mm<\/li>\n<li>Durchmesser: \u00d8 80 mm<\/li>\n<li>Fassungsverm\u00f6gen: ca. 330 ml<\/li>\n<li>C-f\u00f6rmiger Henkel<\/li>\n<li>Fotodruck von h\u00f6chster Qualit\u00e4t<\/li>\n<li>Sp\u00fclmaschinengeeignet<\/li>\n<li>Mikrowellenbest\u00e4ndig<\/li>\n<\/ul>\n","protected":false},"excerpt":{"rendered":"<p>Oberfl\u00e4che: gl\u00e4nzend Farben: Hochwei\u00df, Henkel\/Innenseite diverse H\u00f6he: 96 mm Durchmesser: \u00d8 80 mm Fassungsverm\u00f6gen: ca. 330 ml C-f\u00f6rmiger Henkel Fotodruck von h\u00f6chster Qualit\u00e4t Sp\u00fclmaschinengeeignet Mikrowellenbest\u00e4ndig<\/p>\n","protected":false},"featured_media":586,"comment_status":"open","ping_status":"closed","template":"","meta":{"site-sidebar-layout":"default","site-content-layout":"","ast-site-content-layout":"default","site-content-style":"default","site-sidebar-style":"default","ast-global-header-display":"","ast-banner-title-visibility":"","ast-main-header-display":"","ast-hfb-above-header-display":"","ast-hfb-below-header-display":"","ast-hfb-mobile-header-display":"","site-post-title":"","ast-breadcrumbs-content":"","ast-featured-img":"","footer-sml-layout":"","ast-disable-related-posts":"","theme-transparent-header-meta":"","adv-header-id-meta":"","stick-header-meta":"","header-above-stick-meta":"","header-main-stick-meta":"","header-below-stick-meta":"","astra-migrate-meta-layouts":"default","ast-page-background-enabled":"default","ast-page-background-meta":{"desktop":{"background-color":"","background-image":"","background-repeat":"repeat","background-position":"center center","background-size":"auto","background-attachment":"scroll","background-type":"","background-media":"","overlay-type":"","overlay-color":"","overlay-opacity":"","overlay-gradient":""},"tablet":{"background-color":"","background-image":"","background-repeat":"repeat","background-position":"center center","background-size":"auto","background-attachment":"scroll","background-type":"","background-media":"","overlay-type":"","overlay-color":"","overlay-opacity":"","overlay-gradient":""},"mobile":{"background-color":"","background-image":"","background-repeat":"repeat","background-position":"center center","background-size":"auto","background-attachment":"scroll","background-type":"","background-media":"","overlay-type":"","overlay-color":"","overlay-opacity":"","overlay-gradient":""}},"ast-content-background-meta":{"desktop":{"background-color":"var(--ast-global-color-5)","background-image":"","background-repeat":"repeat","background-position":"center center","background-size":"auto","background-attachment":"scroll","background-type":"","background-media":"","overlay-type":"","overlay-color":"","overlay-opacity":"","overlay-gradient":""},"tablet":{"background-color":"var(--ast-global-color-5)","background-image":"","background-repeat":"repeat","background-position":"center center","background-size":"auto","background-attachment":"scroll","background-type":"","background-media":"","overlay-type":"","overlay-color":"","overlay-opacity":"","overlay-gradient":""},"mobile":{"background-color":"var(--ast-global-color-5)","background-image":"","background-repeat":"repeat","background-position":"center center","background-size":"auto","background-attachment":"scroll","background-type":"","background-media":"","overlay-type":"","overlay-color":"","overlay-opacity":"","overlay-gradient":""}}},"product_brand":[],"product_cat":[124,134,135],"product_tag":[],"class_list":{"0":"post-587","1":"product","2":"type-product","3":"status-publish","4":"has-post-thumbnail","6":"product_cat-merch","7":"product_cat-becher","8":"product_cat-tasse","9":"desktop-align-left","10":"tablet-align-left","11":"mobile-align-left","12":"ast-product-gallery-layout-horizontal-slider","13":"ast-product-single-variable","14":"ast-product-tabs-layout-horizontal","16":"first","17":"instock","18":"taxable","19":"shipping-taxable","20":"purchasable","21":"product-type-variable"},"yoast_head":"<!-- This site is optimized with the Yoast SEO plugin v27.1.1 - https:\/\/yoast.com\/product\/yoast-seo-wordpress\/ -->\n<title>Sch\u00fctze - Becher - Tasse zweifarbig - Kai Ralfs<\/title>\n<meta name=\"robots\" content=\"index, follow, max-snippet:-1, max-image-preview:large, max-video-preview:-1\" \/>\n<link rel=\"canonical\" href=\"https:\/\/www.kairalfs.de\/wordpress\/produkt\/schuetze-becher-tasse-zweifarbig\/\" \/>\n<meta property=\"og:locale\" content=\"de_DE\" \/>\n<meta property=\"og:type\" content=\"article\" \/>\n<meta property=\"og:title\" content=\"Sch\u00fctze - Becher - Tasse zweifarbig - Kai Ralfs\" \/>\n<meta property=\"og:description\" content=\"Oberfl\u00e4che: gl\u00e4nzend Farben: Hochwei\u00df, Henkel\/Innenseite diverse H\u00f6he: 96 mm Durchmesser: \u00d8 80 mm Fassungsverm\u00f6gen: ca. 330 ml C-f\u00f6rmiger Henkel Fotodruck von h\u00f6chster Qualit\u00e4t Sp\u00fclmaschinengeeignet Mikrowellenbest\u00e4ndig\" \/>\n<meta property=\"og:url\" content=\"https:\/\/www.kairalfs.de\/wordpress\/produkt\/schuetze-becher-tasse-zweifarbig\/\" \/>\n<meta property=\"og:site_name\" content=\"Kai Ralfs\" \/>\n<meta property=\"article:modified_time\" content=\"2025-06-09T10:18:13+00:00\" \/>\n<meta property=\"og:image\" content=\"https:\/\/www.kairalfs.de\/wordpress\/wp-content\/uploads\/2025\/05\/front-tasse-zweifarbig-a4d65e-1116x-4.png\" \/>\n\t<meta property=\"og:image:width\" content=\"1116\" \/>\n\t<meta property=\"og:image:height\" content=\"1184\" \/>\n\t<meta property=\"og:image:type\" content=\"image\/png\" \/>\n<meta name=\"twitter:card\" content=\"summary_large_image\" \/>\n<script type=\"application\/ld+json\" class=\"yoast-schema-graph\">{\"@context\":\"https:\/\/schema.org\",\"@graph\":[{\"@type\":\"WebPage\",\"@id\":\"https:\/\/www.kairalfs.de\/wordpress\/produkt\/schuetze-becher-tasse-zweifarbig\/\",\"url\":\"https:\/\/www.kairalfs.de\/wordpress\/produkt\/schuetze-becher-tasse-zweifarbig\/\",\"name\":\"Sch\u00fctze - Becher - Tasse zweifarbig - Kai Ralfs\",\"isPartOf\":{\"@id\":\"https:\/\/www.kairalfs.de\/wordpress\/#website\"},\"primaryImageOfPage\":{\"@id\":\"https:\/\/www.kairalfs.de\/wordpress\/produkt\/schuetze-becher-tasse-zweifarbig\/#primaryimage\"},\"image\":{\"@id\":\"https:\/\/www.kairalfs.de\/wordpress\/produkt\/schuetze-becher-tasse-zweifarbig\/#primaryimage\"},\"thumbnailUrl\":\"https:\/\/www.kairalfs.de\/wordpress\/wp-content\/uploads\/2025\/05\/front-tasse-zweifarbig-a4d65e-1116x-4.webp\",\"datePublished\":\"2025-05-24T15:05:20+00:00\",\"dateModified\":\"2025-06-09T10:18:13+00:00\",\"breadcrumb\":{\"@id\":\"https:\/\/www.kairalfs.de\/wordpress\/produkt\/schuetze-becher-tasse-zweifarbig\/#breadcrumb\"},\"inLanguage\":\"de\",\"potentialAction\":[{\"@type\":\"ReadAction\",\"target\":[\"https:\/\/www.kairalfs.de\/wordpress\/produkt\/schuetze-becher-tasse-zweifarbig\/\"]}]},{\"@type\":\"ImageObject\",\"inLanguage\":\"de\",\"@id\":\"https:\/\/www.kairalfs.de\/wordpress\/produkt\/schuetze-becher-tasse-zweifarbig\/#primaryimage\",\"url\":\"https:\/\/www.kairalfs.de\/wordpress\/wp-content\/uploads\/2025\/05\/front-tasse-zweifarbig-a4d65e-1116x-4.webp\",\"contentUrl\":\"https:\/\/www.kairalfs.de\/wordpress\/wp-content\/uploads\/2025\/05\/front-tasse-zweifarbig-a4d65e-1116x-4.webp\",\"width\":1116,\"height\":1184},{\"@type\":\"BreadcrumbList\",\"@id\":\"https:\/\/www.kairalfs.de\/wordpress\/produkt\/schuetze-becher-tasse-zweifarbig\/#breadcrumb\",\"itemListElement\":[{\"@type\":\"ListItem\",\"position\":1,\"name\":\"Startseite\",\"item\":\"https:\/\/www.kairalfs.de\/wordpress\/\"},{\"@type\":\"ListItem\",\"position\":2,\"name\":\"Shop\",\"item\":\"https:\/\/www.kairalfs.de\/wordpress\/shop\/\"},{\"@type\":\"ListItem\",\"position\":3,\"name\":\"Sch\u00fctze &#8211; Becher &#8211; Tasse zweifarbig\"}]},{\"@type\":\"WebSite\",\"@id\":\"https:\/\/www.kairalfs.de\/wordpress\/#website\",\"url\":\"https:\/\/www.kairalfs.de\/wordpress\/\",\"name\":\"Kai Ralfs\",\"description\":\"Sportschie\u00dfen und mehr\",\"potentialAction\":[{\"@type\":\"SearchAction\",\"target\":{\"@type\":\"EntryPoint\",\"urlTemplate\":\"https:\/\/www.kairalfs.de\/wordpress\/?s={search_term_string}\"},\"query-input\":{\"@type\":\"PropertyValueSpecification\",\"valueRequired\":true,\"valueName\":\"search_term_string\"}}],\"inLanguage\":\"de\"}]}<\/script>\n<!-- \/ Yoast SEO plugin. -->","yoast_head_json":{"title":"Sch\u00fctze - Becher - Tasse zweifarbig - Kai Ralfs","robots":{"index":"index","follow":"follow","max-snippet":"max-snippet:-1","max-image-preview":"max-image-preview:large","max-video-preview":"max-video-preview:-1"},"canonical":"https:\/\/www.kairalfs.de\/wordpress\/produkt\/schuetze-becher-tasse-zweifarbig\/","og_locale":"de_DE","og_type":"article","og_title":"Sch\u00fctze - Becher - Tasse zweifarbig - Kai Ralfs","og_description":"Oberfl\u00e4che: gl\u00e4nzend Farben: Hochwei\u00df, Henkel\/Innenseite diverse H\u00f6he: 96 mm Durchmesser: \u00d8 80 mm Fassungsverm\u00f6gen: ca. 330 ml C-f\u00f6rmiger Henkel Fotodruck von h\u00f6chster Qualit\u00e4t Sp\u00fclmaschinengeeignet Mikrowellenbest\u00e4ndig","og_url":"https:\/\/www.kairalfs.de\/wordpress\/produkt\/schuetze-becher-tasse-zweifarbig\/","og_site_name":"Kai Ralfs","article_modified_time":"2025-06-09T10:18:13+00:00","og_image":[{"width":1116,"height":1184,"url":"https:\/\/www.kairalfs.de\/wordpress\/wp-content\/uploads\/2025\/05\/front-tasse-zweifarbig-a4d65e-1116x-4.png","type":"image\/png"}],"twitter_card":"summary_large_image","schema":{"@context":"https:\/\/schema.org","@graph":[{"@type":"WebPage","@id":"https:\/\/www.kairalfs.de\/wordpress\/produkt\/schuetze-becher-tasse-zweifarbig\/","url":"https:\/\/www.kairalfs.de\/wordpress\/produkt\/schuetze-becher-tasse-zweifarbig\/","name":"Sch\u00fctze - Becher - Tasse zweifarbig - Kai Ralfs","isPartOf":{"@id":"https:\/\/www.kairalfs.de\/wordpress\/#website"},"primaryImageOfPage":{"@id":"https:\/\/www.kairalfs.de\/wordpress\/produkt\/schuetze-becher-tasse-zweifarbig\/#primaryimage"},"image":{"@id":"https:\/\/www.kairalfs.de\/wordpress\/produkt\/schuetze-becher-tasse-zweifarbig\/#primaryimage"},"thumbnailUrl":"https:\/\/www.kairalfs.de\/wordpress\/wp-content\/uploads\/2025\/05\/front-tasse-zweifarbig-a4d65e-1116x-4.webp","datePublished":"2025-05-24T15:05:20+00:00","dateModified":"2025-06-09T10:18:13+00:00","breadcrumb":{"@id":"https:\/\/www.kairalfs.de\/wordpress\/produkt\/schuetze-becher-tasse-zweifarbig\/#breadcrumb"},"inLanguage":"de","potentialAction":[{"@type":"ReadAction","target":["https:\/\/www.kairalfs.de\/wordpress\/produkt\/schuetze-becher-tasse-zweifarbig\/"]}]},{"@type":"ImageObject","inLanguage":"de","@id":"https:\/\/www.kairalfs.de\/wordpress\/produkt\/schuetze-becher-tasse-zweifarbig\/#primaryimage","url":"https:\/\/www.kairalfs.de\/wordpress\/wp-content\/uploads\/2025\/05\/front-tasse-zweifarbig-a4d65e-1116x-4.webp","contentUrl":"https:\/\/www.kairalfs.de\/wordpress\/wp-content\/uploads\/2025\/05\/front-tasse-zweifarbig-a4d65e-1116x-4.webp","width":1116,"height":1184},{"@type":"BreadcrumbList","@id":"https:\/\/www.kairalfs.de\/wordpress\/produkt\/schuetze-becher-tasse-zweifarbig\/#breadcrumb","itemListElement":[{"@type":"ListItem","position":1,"name":"Startseite","item":"https:\/\/www.kairalfs.de\/wordpress\/"},{"@type":"ListItem","position":2,"name":"Shop","item":"https:\/\/www.kairalfs.de\/wordpress\/shop\/"},{"@type":"ListItem","position":3,"name":"Sch\u00fctze &#8211; Becher &#8211; Tasse zweifarbig"}]},{"@type":"WebSite","@id":"https:\/\/www.kairalfs.de\/wordpress\/#website","url":"https:\/\/www.kairalfs.de\/wordpress\/","name":"Kai Ralfs","description":"Sportschie\u00dfen und mehr","potentialAction":[{"@type":"SearchAction","target":{"@type":"EntryPoint","urlTemplate":"https:\/\/www.kairalfs.de\/wordpress\/?s={search_term_string}"},"query-input":{"@type":"PropertyValueSpecification","valueRequired":true,"valueName":"search_term_string"}}],"inLanguage":"de"}]}},"jetpack_sharing_enabled":true,"_links":{"self":[{"href":"https:\/\/www.kairalfs.de\/wordpress\/wp-json\/wp\/v2\/product\/587","targetHints":{"allow":["GET"]}}],"collection":[{"href":"https:\/\/www.kairalfs.de\/wordpress\/wp-json\/wp\/v2\/product"}],"about":[{"href":"https:\/\/www.kairalfs.de\/wordpress\/wp-json\/wp\/v2\/types\/product"}],"replies":[{"embeddable":true,"href":"https:\/\/www.kairalfs.de\/wordpress\/wp-json\/wp\/v2\/comments?post=587"}],"wp:featuredmedia":[{"embeddable":true,"href":"https:\/\/www.kairalfs.de\/wordpress\/wp-json\/wp\/v2\/media\/586"}],"wp:attachment":[{"href":"https:\/\/www.kairalfs.de\/wordpress\/wp-json\/wp\/v2\/media?parent=587"}],"wp:term":[{"taxonomy":"product_brand","embeddable":true,"href":"https:\/\/www.kairalfs.de\/wordpress\/wp-json\/wp\/v2\/product_brand?post=587"},{"taxonomy":"product_cat","embeddable":true,"href":"https:\/\/www.kairalfs.de\/wordpress\/wp-json\/wp\/v2\/product_cat?post=587"},{"taxonomy":"product_tag","embeddable":true,"href":"https:\/\/www.kairalfs.de\/wordpress\/wp-json\/wp\/v2\/product_tag?post=587"}],"curies":[{"name":"wp","href":"https:\/\/api.w.org\/{rel}","templated":true}]}}